{"id":532,"date":"2021-05-28T15:41:14","date_gmt":"2021-05-28T13:41:14","guid":{"rendered":"https:\/\/muscadet-chateaudelagrange.com\/?page_id=532"},"modified":"2021-07-12T12:03:38","modified_gmt":"2021-07-12T10:03:38","slug":"the-estate","status":"publish","type":"page","link":"https:\/\/www.muscadet-chateaudelagrange.com\/en\/the-estate\/","title":{"rendered":"The Estate"},"content":{"rendered":"\n<div class=\"wp-block-group\"><div class=\"wp-block-group__inner-container is-layout-flow wp-block-group-is-layout-flow\">\n<div class=\"wp-block-columns is-layout-flex wp-container-core-columns-is-layout-9d6595d7 wp-block-columns-is-layout-flex\">\n<div class=\"wp-block-column is-layout-flow wp-block-column-is-layout-flow\">\n<h2 class=\"wp-block-heading\">A historical &amp; family-run vineyard<\/h2>\n\n\n\n<p>Ch\u00e2teau de la Grange Barbastre, also known as Ch\u00e2teau de la Grange, in Corcou\u00e9 sur Logne (Loire Atlantique), was built in the 15th century by Jean Barbastre, Seigneur de la Grange. The estate belonged to the Barbastre family up to the late 16th century then was bought by the Goulaine family in 1777. After being destroyed during the French Wars of Religion then rebuilt in the 17th century and extended in the 19th century, the ch\u00e2teau was demolished again in the 20th century on the request of its owners.<\/p>\n\n\n\n<p>The buildings were rebuilt in a new style. Today, on entering the courtyard through the attractive 15th-century porchway, you will see a superb house in the Poitevin style. This house is surrounded on one side by the moat of the former castle and on the other by its 15th and 17th century outbuildings which today house the winery.<\/p>\n<\/div>\n\n\n\n<div class=\"wp-block-column is-layout-flow wp-block-column-is-layout-flow\">\n<figure class=\"wp-block-image size-large\"><img decoding=\"async\" width=\"680\" height=\"1024\" data-src=\"https:\/\/www.muscadet-chateaudelagrange.com\/wp-content\/uploads\/sites\/2\/2021\/05\/chateau-de-la-grange-11-680x1024.jpg\" alt=\"Le domaine\" class=\"wp-image-290 lazyload\" data-srcset=\"https:\/\/www.muscadet-chateaudelagrange.com\/wp-content\/uploads\/sites\/2\/2021\/05\/chateau-de-la-grange-11-680x1024.jpg 680w, https:\/\/www.muscadet-chateaudelagrange.com\/wp-content\/uploads\/sites\/2\/2021\/05\/chateau-de-la-grange-11-199x300.jpg 199w, https:\/\/www.muscadet-chateaudelagrange.com\/wp-content\/uploads\/sites\/2\/2021\/05\/chateau-de-la-grange-11-37x55.jpg 37w, https:\/\/www.muscadet-chateaudelagrange.com\/wp-content\/uploads\/sites\/2\/2021\/05\/chateau-de-la-grange-11-380x572.jpg 380w, https:\/\/www.muscadet-chateaudelagrange.com\/wp-content\/uploads\/sites\/2\/2021\/05\/chateau-de-la-grange-11-74x112.jpg 74w, https:\/\/www.muscadet-chateaudelagrange.com\/wp-content\/uploads\/sites\/2\/2021\/05\/chateau-de-la-grange-11.jpg 717w\" data-sizes=\"(max-width: 680px) 100vw, 680px\" src=\"data:image\/svg+xml;base64,PHN2ZyB3aWR0aD0iMSIgaGVpZ2h0PSIxIiB4bWxucz0iaHR0cDovL3d3dy53My5vcmcvMjAwMC9zdmciPjwvc3ZnPg==\" style=\"--smush-placeholder-width: 680px; --smush-placeholder-aspect-ratio: 680\/1024;\" \/><\/figure>\n<\/div>\n<\/div>\n<\/div><\/div>\n\n\n\n<div class=\"wp-block-group\"><div class=\"wp-block-group__inner-container is-layout-flow wp-block-group-is-layout-flow\">\n<div class=\"wp-block-columns is-layout-flex wp-container-core-columns-is-layout-9d6595d7 wp-block-columns-is-layout-flex\">\n<div class=\"wp-block-column is-layout-flow wp-block-column-is-layout-flow\">\n<h2 class=\"wp-block-heading\">Who are we?<\/h2>\n\n\n\n<p>Winemaking is a tradition that has subsisted for centuries at Ch\u00e2teau de la Grange Barbastre. Ancient records mention the cultivation of vines at the estate as far back as the 15th century.<br><br>Baudouin de Goulaine arrived at the estate in 1978 when his cousin, the Marquis de Goulaine, invited him to come to work with him. Baudouin didn\u2019t hesitate for a second: \u201cI\u2019d studied economics but I dreamt of land!\u201d In 1981, Baudouin took over ownership of this magnificent estate and expanded it to include 50 hectares of vines. His son Victor joined him in the business in 2017. Winegrowers at heart, the father and son team ran the family wine estate together in perfect keeping with tradition, applying the utmost care in the vineyard, the winery and at bottling, to obtain the very best results out of each harvest.<br><br>In late 2020, Baudouin retired and Victor de Goulaine now runs the estate by himself.<\/p>\n\n\n\n<p>At Ch\u00e2teau de la Grange Barbastre, we produce Muscadet C\u00f4tes de Grandlieu sur Lie, as well as IGP Val de Loire wines in white, red and ros\u00e9. One estate with two ranges: Ch\u00e2teau\/Domaine de la Grange Barbastre and Ch\u00e2teau\/Domaine de la Grange.<\/p>\n\n\n\n<div class=\"wp-block-buttons is-layout-flex wp-block-buttons-is-layout-flex\">\n<div class=\"wp-block-button is-style-fill\"><a class=\"wp-block-button__link\" href=\"https:\/\/www.muscadet-chateaudelagrange.com\/en\/our-wines\/la-grange-barbastre-collection\/\" target=\"_blank\" rel=\"noreferrer noopener\">DISCOVER LA GRANGE BARBASTRE wines<\/a><\/div>\n<\/div>\n<\/div>\n\n\n\n<div class=\"wp-block-column is-layout-flow wp-block-column-is-layout-flow\">\n<div class=\"wp-block-image\"><figure class=\"aligncenter size-large\"><img decoding=\"async\" width=\"683\" height=\"1024\" data-src=\"https:\/\/www.muscadet-chateaudelagrange.com\/wp-content\/uploads\/sites\/2\/2021\/07\/b5a2571-copie-2-683x1024.jpg\" alt=\"\" class=\"wp-image-1277 lazyload\" data-srcset=\"https:\/\/www.muscadet-chateaudelagrange.com\/wp-content\/uploads\/sites\/2\/2021\/07\/b5a2571-copie-2-683x1024.jpg 683w, https:\/\/www.muscadet-chateaudelagrange.com\/wp-content\/uploads\/sites\/2\/2021\/07\/b5a2571-copie-2-200x300.jpg 200w, https:\/\/www.muscadet-chateaudelagrange.com\/wp-content\/uploads\/sites\/2\/2021\/07\/b5a2571-copie-2-768x1152.jpg 768w, https:\/\/www.muscadet-chateaudelagrange.com\/wp-content\/uploads\/sites\/2\/2021\/07\/b5a2571-copie-2-1024x1536.jpg 1024w, https:\/\/www.muscadet-chateaudelagrange.com\/wp-content\/uploads\/sites\/2\/2021\/07\/b5a2571-copie-2-1365x2048.jpg 1365w, https:\/\/www.muscadet-chateaudelagrange.com\/wp-content\/uploads\/sites\/2\/2021\/07\/b5a2571-copie-2-37x55.jpg 37w, https:\/\/www.muscadet-chateaudelagrange.com\/wp-content\/uploads\/sites\/2\/2021\/07\/b5a2571-copie-2-380x570.jpg 380w, https:\/\/www.muscadet-chateaudelagrange.com\/wp-content\/uploads\/sites\/2\/2021\/07\/b5a2571-copie-2-75x112.jpg 75w, https:\/\/www.muscadet-chateaudelagrange.com\/wp-content\/uploads\/sites\/2\/2021\/07\/b5a2571-copie-2-scaled.jpg 1707w\" data-sizes=\"(max-width: 683px) 100vw, 683px\" src=\"data:image\/svg+xml;base64,PHN2ZyB3aWR0aD0iMSIgaGVpZ2h0PSIxIiB4bWxucz0iaHR0cDovL3d3dy53My5vcmcvMjAwMC9zdmciPjwvc3ZnPg==\" style=\"--smush-placeholder-width: 683px; --smush-placeholder-aspect-ratio: 683\/1024;\" \/><\/figure><\/div>\n<\/div>\n<\/div>\n<\/div><\/div>\n\n\n\n<div class=\"wp-block-group\"><div class=\"wp-block-group__inner-container is-layout-flow wp-block-group-is-layout-flow\">\n<h2 class=\"wp-block-heading\">Take an immersive tour of Ch\u00e2teau de la Grange with this video:<\/h2>\n\n\n\n<figure class=\"wp-block-embed is-type-video is-provider-youtube wp-block-embed-youtube wp-embed-aspect-16-9 wp-has-aspect-ratio\"><div class=\"wp-block-embed__wrapper\">\n<iframe title=\"Ch\u00e2teau de la Grange - Interview with Victor de Goulaine\" width=\"500\" height=\"281\" src=\"https:\/\/www.youtube.com\/embed\/Kvl0L6-yZZs?feature=oembed\" frameborder=\"0\" allow=\"accelerometer; autoplay; clipboard-write; encrypted-media; gyroscope; picture-in-picture; web-share\" referrerpolicy=\"strict-origin-when-cross-origin\" allowfullscreen><\/iframe>\n<\/div><\/figure>\n<\/div><\/div>\n\n\n\n<div class=\"wp-block-columns is-layout-flex wp-container-core-columns-is-layout-9d6595d7 wp-block-columns-is-layout-flex\">\n<div class=\"wp-block-column is-layout-flow wp-block-column-is-layout-flow\">\n<div class=\"wp-block-group\"><div class=\"wp-block-group__inner-container is-layout-flow wp-block-group-is-layout-flow\">\n<h2 class=\"wp-block-heading\">Grape varieties<\/h2>\n\n\n\n<div class=\"wp-block-columns is-layout-flex wp-container-core-columns-is-layout-9d6595d7 wp-block-columns-is-layout-flex\">\n<div class=\"wp-block-column is-layout-flow wp-block-column-is-layout-flow\">\n<figure class=\"wp-block-table aligncenter is-style-stripes\"><table><tbody><tr><td>Melon de B. (Muscadet)<\/td><td>17,5 ha<\/td><\/tr><tr><td>Folle Blanche (Gros Plant)<\/td><td>6,2 ha<\/td><\/tr><tr><td>Chardonnay<\/td><td>8,5 ha<\/td><\/tr><tr><td>Sauvignon<\/td><td>4,2 ha<\/td><\/tr><tr><td>Gamay<\/td><td>1,8 ha<\/td><\/tr><tr><td>Grolleau Noir<\/td><td>2,1 ha<\/td><\/tr><tr><td>Pinot Gris<\/td><td>1,2 ha<\/td><\/tr><tr><td>Merlot<\/td><td>1,5 ha<\/td><\/tr><tr><td>Cabernet<\/td><td>0,29 ha<\/td><\/tr><tr><td>Alvarino<\/td><td>0,2 ha<\/td><\/tr><tr><td>Colombard<\/td><td>2 ha<\/td><\/tr><tr><td>Young vines, not currently in production<\/td><td><\/td><\/tr><\/tbody><\/table><\/figure>\n<\/div>\n\n\n\n<div class=\"wp-block-column is-layout-flow wp-block-column-is-layout-flow\">\n<figure class=\"wp-block-image size-large\"><img decoding=\"async\" width=\"1024\" height=\"683\" data-src=\"https:\/\/muscadet-chateaudelagrange.com\/wp-content\/uploads\/sites\/2\/2021\/05\/b5a2735-1024x683.jpg\" alt=\"Les c\u00e9pages\" class=\"wp-image-295 lazyload\" data-srcset=\"https:\/\/www.muscadet-chateaudelagrange.com\/wp-content\/uploads\/sites\/2\/2021\/05\/b5a2735-1024x683.jpg 1024w, https:\/\/www.muscadet-chateaudelagrange.com\/wp-content\/uploads\/sites\/2\/2021\/05\/b5a2735-300x200.jpg 300w, https:\/\/www.muscadet-chateaudelagrange.com\/wp-content\/uploads\/sites\/2\/2021\/05\/b5a2735-768x512.jpg 768w, https:\/\/www.muscadet-chateaudelagrange.com\/wp-content\/uploads\/sites\/2\/2021\/05\/b5a2735-82x55.jpg 82w, https:\/\/www.muscadet-chateaudelagrange.com\/wp-content\/uploads\/sites\/2\/2021\/05\/b5a2735-380x253.jpg 380w, https:\/\/www.muscadet-chateaudelagrange.com\/wp-content\/uploads\/sites\/2\/2021\/05\/b5a2735-356x237.jpg 356w, https:\/\/www.muscadet-chateaudelagrange.com\/wp-content\/uploads\/sites\/2\/2021\/05\/b5a2735-168x112.jpg 168w, https:\/\/www.muscadet-chateaudelagrange.com\/wp-content\/uploads\/sites\/2\/2021\/05\/b5a2735-375x250.jpg 375w, https:\/\/www.muscadet-chateaudelagrange.com\/wp-content\/uploads\/sites\/2\/2021\/05\/b5a2735.jpg 1417w\" data-sizes=\"(max-width: 1024px) 100vw, 1024px\" src=\"data:image\/svg+xml;base64,PHN2ZyB3aWR0aD0iMSIgaGVpZ2h0PSIxIiB4bWxucz0iaHR0cDovL3d3dy53My5vcmcvMjAwMC9zdmciPjwvc3ZnPg==\" style=\"--smush-placeholder-width: 1024px; --smush-placeholder-aspect-ratio: 1024\/683;\" \/><\/figure>\n<\/div>\n<\/div>\n<\/div><\/div>\n<\/div>\n<\/div>\n\n\n\n<div class=\"wp-block-group\"><div class=\"wp-block-group__inner-container is-layout-flow wp-block-group-is-layout-flow\">\n<div class=\"wp-block-columns is-layout-flex wp-container-core-columns-is-layout-9d6595d7 wp-block-columns-is-layout-flex\">\n<div class=\"wp-block-column is-layout-flow wp-block-column-is-layout-flow\">\n<h2 class=\"wp-block-heading\">Vineyard Care<\/h2>\n\n\n\n<p>At Ch\u00e2teau de la Grange, we have been employing sustainable winegrowing methods for the last ten years. It is our desire to reduce our use of phytosantitary products to a minimum which is why we use them only after close monitoring of the vines, weather conditions and insect pests present in the vineyard.<br>In terms of soil care, we have virtually eradicated chemical fertilisers in the last five years and plan to reintroduce mechanical weeding. Our aim is to stop using herbicides by 2025 to further our sustainable and responsible approach.<br>To formalise our commitment, we have decided to have the estate audited by an independent body with a view to obtaining the High Environmental Value certification (HVE in French).<br>At Ch\u00e2teau de la Grange, we also care about respecting animal life and therefore use no products of animal origin in our winemaking processes.<\/p>\n<\/div>\n\n\n\n<div class=\"wp-block-column is-layout-flow wp-block-column-is-layout-flow\">\n<figure class=\"wp-block-image size-large\"><img decoding=\"async\" width=\"1024\" height=\"680\" data-src=\"https:\/\/muscadet-chateaudelagrange.com\/wp-content\/uploads\/sites\/2\/2021\/05\/chateau-de-la-grange-3-1024x680.jpg\" alt=\"Le domaine\" class=\"wp-image-303 lazyload\" data-srcset=\"https:\/\/www.muscadet-chateaudelagrange.com\/wp-content\/uploads\/sites\/2\/2021\/05\/chateau-de-la-grange-3-1024x680.jpg 1024w, https:\/\/www.muscadet-chateaudelagrange.com\/wp-content\/uploads\/sites\/2\/2021\/05\/chateau-de-la-grange-3-300x199.jpg 300w, https:\/\/www.muscadet-chateaudelagrange.com\/wp-content\/uploads\/sites\/2\/2021\/05\/chateau-de-la-grange-3-768x510.jpg 768w, https:\/\/www.muscadet-chateaudelagrange.com\/wp-content\/uploads\/sites\/2\/2021\/05\/chateau-de-la-grange-3-83x55.jpg 83w, https:\/\/www.muscadet-chateaudelagrange.com\/wp-content\/uploads\/sites\/2\/2021\/05\/chateau-de-la-grange-3-380x252.jpg 380w, https:\/\/www.muscadet-chateaudelagrange.com\/wp-content\/uploads\/sites\/2\/2021\/05\/chateau-de-la-grange-3-356x237.jpg 356w, https:\/\/www.muscadet-chateaudelagrange.com\/wp-content\/uploads\/sites\/2\/2021\/05\/chateau-de-la-grange-3-169x112.jpg 169w, https:\/\/www.muscadet-chateaudelagrange.com\/wp-content\/uploads\/sites\/2\/2021\/05\/chateau-de-la-grange-3-375x250.jpg 375w, https:\/\/www.muscadet-chateaudelagrange.com\/wp-content\/uploads\/sites\/2\/2021\/05\/chateau-de-la-grange-3.jpg 1080w\" data-sizes=\"(max-width: 1024px) 100vw, 1024px\" src=\"data:image\/svg+xml;base64,PHN2ZyB3aWR0aD0iMSIgaGVpZ2h0PSIxIiB4bWxucz0iaHR0cDovL3d3dy53My5vcmcvMjAwMC9zdmciPjwvc3ZnPg==\" style=\"--smush-placeholder-width: 1024px; --smush-placeholder-aspect-ratio: 1024\/680;\" \/><\/figure>\n<\/div>\n<\/div>\n<\/div><\/div>\n\n\n\n<p><\/p>\n","protected":false},"excerpt":{"rendered":"<p>A historical &amp; family-run vineyard Ch\u00e2teau de la Grange Barbastre, also known as Ch\u00e2teau de la Grange, in Corcou\u00e9 sur Logne (Loire Atlantique), was built in the 15th century by Jean Barbastre, Seigneur de la Grange. The estate belonged to the Barbastre family up to the late 16th century then was bought by the Goulaine [&hellip;]<\/p>\n","protected":false},"author":2,"featured_media":1283,"parent":0,"menu_order":0,"comment_status":"closed","ping_status":"closed","template":"","meta":{"footnotes":""},"class_list":["post-532","page","type-page","status-publish","has-post-thumbnail","hentry"],"acf":[],"_links":{"self":[{"href":"https:\/\/www.muscadet-chateaudelagrange.com\/en\/wp-json\/wp\/v2\/pages\/532","targetHints":{"allow":["GET"]}}],"collection":[{"href":"https:\/\/www.muscadet-chateaudelagrange.com\/en\/wp-json\/wp\/v2\/pages"}],"about":[{"href":"https:\/\/www.muscadet-chateaudelagrange.com\/en\/wp-json\/wp\/v2\/types\/page"}],"author":[{"embeddable":true,"href":"https:\/\/www.muscadet-chateaudelagrange.com\/en\/wp-json\/wp\/v2\/users\/2"}],"replies":[{"embeddable":true,"href":"https:\/\/www.muscadet-chateaudelagrange.com\/en\/wp-json\/wp\/v2\/comments?post=532"}],"version-history":[{"count":0,"href":"https:\/\/www.muscadet-chateaudelagrange.com\/en\/wp-json\/wp\/v2\/pages\/532\/revisions"}],"wp:featuredmedia":[{"embeddable":true,"href":"https:\/\/www.muscadet-chateaudelagrange.com\/en\/wp-json\/wp\/v2\/media\/1283"}],"wp:attachment":[{"href":"https:\/\/www.muscadet-chateaudelagrange.com\/en\/wp-json\/wp\/v2\/media?parent=532"}],"curies":[{"name":"wp","href":"https:\/\/api.w.org\/{rel}","templated":true}]}}